{"id":9013,"date":"2018-04-29T20:00:04","date_gmt":"2021-04-29T19:00:04","guid":{"rendered":"https:\/\/sarmatia-antiques.com\/?post_type=product&#038;p=9013"},"modified":"2021-05-18T19:51:05","modified_gmt":"2021-05-18T18:51:05","slug":"psznz-odznaka-za-rany-4","status":"publish","type":"product","link":"https:\/\/sarmatia-antiques.com\/pl\/produkt\/psznz-odznaka-za-rany-4\/","title":{"rendered":"PSZnZ \u2013 Odznaka za rany"},"content":{"rendered":"<p><span style=\"font-weight: 400;\">Odznak\u0119 stanowi baretka, ciemnob\u0142\u0119kitna z dwoma poziomymi pasami ( barwy orderu Virtuti Militari ). Na odznace na\u0142o\u017cona pi\u0119cioramienna gwiazdka, oznaczaj\u0105ca ilo\u015b\u0107 odniesionych ran i kontuzji. Na rewersie widoczne w\u0105sy mocowania gwiazdki.<\/span><\/p>\n<p><span style=\"font-weight: 400;\">Odznaka za rany i kontuzje chronologicznie by\u0142a drugim odznaczeniem po orderze Virtuti Militari, odznaka ta cieszy\u0142a si\u0119 du\u017cym uznaniem w strukturze wojskowej jak i w spo\u0142ecze\u0144stwie.<\/span><\/p>\n","protected":false},"excerpt":{"rendered":"<p><span style=\"font-weight: 400;\">1940-47, Wielka Brytania? 42mm x 14mm<\/span><\/p>\n","protected":false},"featured_media":8053,"template":"","meta":{"rank_math_lock_modified_date":false},"product_cat":[78],"product_tag":[],"class_list":{"0":"post-9013","1":"product","2":"type-product","3":"status-publish","4":"has-post-thumbnail","6":"product_cat-archiwum-pl","8":"first","9":"outofstock","10":"sold-individually","11":"shipping-taxable","12":"purchasable","13":"product-type-simple"},"_links":{"self":[{"href":"https:\/\/sarmatia-antiques.com\/pl\/wp-json\/wp\/v2\/product\/9013"}],"collection":[{"href":"https:\/\/sarmatia-antiques.com\/pl\/wp-json\/wp\/v2\/product"}],"about":[{"href":"https:\/\/sarmatia-antiques.com\/pl\/wp-json\/wp\/v2\/types\/product"}],"wp:featuredmedia":[{"embeddable":true,"href":"https:\/\/sarmatia-antiques.com\/pl\/wp-json\/wp\/v2\/media\/8053"}],"wp:attachment":[{"href":"https:\/\/sarmatia-antiques.com\/pl\/wp-json\/wp\/v2\/media?parent=9013"}],"wp:term":[{"taxonomy":"product_cat","embeddable":true,"href":"https:\/\/sarmatia-antiques.com\/pl\/wp-json\/wp\/v2\/product_cat?post=9013"},{"taxonomy":"product_tag","embeddable":true,"href":"https:\/\/sarmatia-antiques.com\/pl\/wp-json\/wp\/v2\/product_tag?post=9013"}],"curies":[{"name":"wp","href":"https:\/\/api.w.org\/{rel}","templated":true}]}}