{"id":13840,"date":"2018-05-05T19:00:18","date_gmt":"2022-05-05T18:00:18","guid":{"rendered":"https:\/\/sarmatia-antiques.com\/?post_type=product&p=13840"},"modified":"2022-05-12T13:36:31","modified_gmt":"2022-05-12T12:36:31","slug":"ii-rp-rzadki-guz-ochronny-nakretka-do-orla-czapkowego","status":"publish","type":"product","link":"https:\/\/sarmatia-antiques.com\/pl\/produkt\/ii-rp-rzadki-guz-ochronny-nakretka-do-orla-czapkowego\/","title":{"rendered":"II RP Rzadki Guz Ochronny Nakr\u0119tka do Or\u0142a Czapkowego."},"content":{"rendered":"<p><span style=\"font-weight: 400;\">\u00a0\u00a0\u00a0Du\u017ca okr\u0105g\u0142a wypuk\u0142a nakr\u0119tka na or\u0142a czapkowego, tak zwany guz ochronny. Guzy zosta\u0142y zaprojektowane aby chroni\u0107 u\u017cytkownika przed s\u0142upkiem podczas noszenia or\u0142a na czapce. Ten egzemplarz, wykonany jest z mosi\u0105dzu i stali przez H. Skarnik &amp; M. Fiszbein z Warszawy.<\/span><\/p>\n<p><span style=\"font-weight: 400;\">Zewn\u0119trzna strona guza ochronnego z wyt\u0142oczonym wzorem w paski. Strona wewn\u0105trz wykonana ze stali, w okr\u0119gu wyt\u0142oczone litery ESEF W &#8211; skr\u00f3t od wytw\u00f3rcy Skarbnik &amp; Fiszbein z Warszawy.<\/span><\/p>\n<p><span style=\"font-weight: 400;\">\u00a0\u00a0\u00a0Rzadki egzemplarz we wspania\u0142ym stanie, obecny rynek jest zalany wysokiej jako\u015bci falsyfikatami, oferowany egzemplarz jest 100% orygina\u0142em z okresu przedwojennego.<\/span><\/p>\n","protected":false},"excerpt":{"rendered":"<p><span style=\"font-weight: 400;\">Skarbnik &amp; Fiszbein, Warszawa, 1920-1939, \u015brednica 30mm, grubo\u015b\u0107 10,5mm.<\/span><\/p>\n<p>&nbsp;<\/p>\n","protected":false},"featured_media":13825,"template":"","meta":{"rank_math_lock_modified_date":false},"product_cat":[78],"product_tag":[],"class_list":{"0":"post-13840","1":"product","2":"type-product","3":"status-publish","4":"has-post-thumbnail","6":"product_cat-archiwum-pl","8":"first","9":"outofstock","10":"sold-individually","11":"shipping-taxable","12":"purchasable","13":"product-type-simple"},"_links":{"self":[{"href":"https:\/\/sarmatia-antiques.com\/pl\/wp-json\/wp\/v2\/product\/13840"}],"collection":[{"href":"https:\/\/sarmatia-antiques.com\/pl\/wp-json\/wp\/v2\/product"}],"about":[{"href":"https:\/\/sarmatia-antiques.com\/pl\/wp-json\/wp\/v2\/types\/product"}],"wp:featuredmedia":[{"embeddable":true,"href":"https:\/\/sarmatia-antiques.com\/pl\/wp-json\/wp\/v2\/media\/13825"}],"wp:attachment":[{"href":"https:\/\/sarmatia-antiques.com\/pl\/wp-json\/wp\/v2\/media?parent=13840"}],"wp:term":[{"taxonomy":"product_cat","embeddable":true,"href":"https:\/\/sarmatia-antiques.com\/pl\/wp-json\/wp\/v2\/product_cat?post=13840"},{"taxonomy":"product_tag","embeddable":true,"href":"https:\/\/sarmatia-antiques.com\/pl\/wp-json\/wp\/v2\/product_tag?post=13840"}],"curies":[{"name":"wp","href":"https:\/\/api.w.org\/{rel}","templated":true}]}}